{"id":9403,"date":"2025-03-13T15:41:50","date_gmt":"2025-03-13T14:41:50","guid":{"rendered":"https:\/\/spieringstest.manymore.site\/?post_type=product&#038;p=9403"},"modified":"2025-11-25T13:54:37","modified_gmt":"2025-11-25T12:54:37","slug":"sk1265-at6-elift","status":"publish","type":"product","link":"https:\/\/spieringstest.manymore.site\/pl\/mobile-tower-crane\/sk1265-at6-elift\/","title":{"rendered":"SK1265-AT6 eLift"},"template":"","class_list":["post-9403","product","type-product","status-publish","has-post-thumbnail","hentry"],"acf":[],"yoast_head":"<title>SK1265-AT6 eLift - Spierings Mobile Cranes<\/title>\n<meta name=\"description\" content=\"Dzi\u0119ki pi\u0105temu wysuwanemu segmentowi wysi\u0119gnika, obok czterech pozosta\u0142ych sekcji, SK1265-AT6 osi\u0105ga imponuj\u0105cy zasi\u0119g 60 metr\u00f3w.\" \/>\n<meta name=\"robots\" content=\"index, follow, max-snippet:-1, max-image-preview:large, max-video-preview:-1\" \/>\n<link rel=\"canonical\" href=\"https:\/\/spieringstest.manymore.site\/pl\/mobile-tower-crane\/sk1265-at6-elift\/\" \/>\n<meta property=\"og:locale\" content=\"pl_PL\" \/>\n<meta property=\"og:type\" content=\"article\" \/>\n<meta property=\"og:title\" content=\"SK1265-AT6 eLift - Spierings Mobile Cranes\" \/>\n<meta property=\"og:description\" content=\"Dzi\u0119ki pi\u0105temu wysuwanemu segmentowi wysi\u0119gnika, obok czterech pozosta\u0142ych sekcji, SK1265-AT6 osi\u0105ga imponuj\u0105cy zasi\u0119g 60 metr\u00f3w.\" \/>\n<meta property=\"og:url\" content=\"https:\/\/spieringstest.manymore.site\/pl\/mobile-tower-crane\/sk1265-at6-elift\/\" \/>\n<meta property=\"og:site_name\" content=\"Spierings Mobile Cranes\" \/>\n<meta property=\"article:modified_time\" content=\"2025-11-25T12:54:37+00:00\" \/>\n<meta property=\"og:image\" content=\"https:\/\/spieringstest.manymore.site\/wp-content\/uploads\/SK1265-AT6-1.jpg\" \/>\n\t<meta property=\"og:image:width\" content=\"2000\" \/>\n\t<meta property=\"og:image:height\" content=\"1098\" \/>\n\t<meta property=\"og:image:type\" content=\"image\/jpeg\" \/>\n<meta name=\"twitter:card\" content=\"summary_large_image\" \/>\n<meta name=\"twitter:label1\" content=\"Szacowany czas czytania\" \/>\n\t<meta name=\"twitter:data1\" content=\"7 minut\" \/>\n<script type=\"application\/ld+json\" class=\"yoast-schema-graph\">{\"@context\":\"https:\/\/schema.org\",\"@graph\":[{\"@type\":\"WebPage\",\"@id\":\"https:\/\/spieringstest.manymore.site\/pl\/mobile-tower-crane\/sk1265-at6-elift\/\",\"url\":\"https:\/\/spieringstest.manymore.site\/pl\/mobile-tower-crane\/sk1265-at6-elift\/\",\"name\":\"SK1265-AT6 eLift - Spierings Mobile Cranes\",\"isPartOf\":{\"@id\":\"https:\/\/spieringstest.manymore.site\/pl\/#website\"},\"primaryImageOfPage\":{\"@id\":\"https:\/\/spieringstest.manymore.site\/pl\/mobile-tower-crane\/sk1265-at6-elift\/#primaryimage\"},\"image\":{\"@id\":\"https:\/\/spieringstest.manymore.site\/pl\/mobile-tower-crane\/sk1265-at6-elift\/#primaryimage\"},\"thumbnailUrl\":\"https:\/\/spieringstest.manymore.site\/wp-content\/uploads\/SK1265-AT6-1.jpg\",\"datePublished\":\"2025-03-13T14:41:50+00:00\",\"dateModified\":\"2025-11-25T12:54:37+00:00\",\"description\":\"Dzi\u0119ki pi\u0105temu wysuwanemu segmentowi wysi\u0119gnika, obok czterech pozosta\u0142ych sekcji, SK1265-AT6 osi\u0105ga imponuj\u0105cy zasi\u0119g 60 metr\u00f3w.\",\"breadcrumb\":{\"@id\":\"https:\/\/spieringstest.manymore.site\/pl\/mobile-tower-crane\/sk1265-at6-elift\/#breadcrumb\"},\"inLanguage\":\"pl-PL\",\"potentialAction\":[{\"@type\":\"ReadAction\",\"target\":[\"https:\/\/spieringstest.manymore.site\/pl\/mobile-tower-crane\/sk1265-at6-elift\/\"]}]},{\"@type\":\"ImageObject\",\"inLanguage\":\"pl-PL\",\"@id\":\"https:\/\/spieringstest.manymore.site\/pl\/mobile-tower-crane\/sk1265-at6-elift\/#primaryimage\",\"url\":\"https:\/\/spieringstest.manymore.site\/wp-content\/uploads\/SK1265-AT6-1.jpg\",\"contentUrl\":\"https:\/\/spieringstest.manymore.site\/wp-content\/uploads\/SK1265-AT6-1.jpg\",\"width\":2000,\"height\":1098},{\"@type\":\"BreadcrumbList\",\"@id\":\"https:\/\/spieringstest.manymore.site\/pl\/mobile-tower-crane\/sk1265-at6-elift\/#breadcrumb\",\"itemListElement\":[{\"@type\":\"ListItem\",\"position\":1,\"name\":\"Home\",\"item\":\"https:\/\/spieringstest.manymore.site\/pl\/\"},{\"@type\":\"ListItem\",\"position\":2,\"name\":\"SK1265-AT6 eLift\"}]},{\"@type\":\"WebSite\",\"@id\":\"https:\/\/spieringstest.manymore.site\/pl\/#website\",\"url\":\"https:\/\/spieringstest.manymore.site\/pl\/\",\"name\":\"Spierings Mobile Cranes\",\"description\":\"Lift to the Max.\",\"inLanguage\":\"pl-PL\"}]}<\/script>","yoast_head_json":{"title":"SK1265-AT6 eLift - Spierings Mobile Cranes","description":"Dzi\u0119ki pi\u0105temu wysuwanemu segmentowi wysi\u0119gnika, obok czterech pozosta\u0142ych sekcji, SK1265-AT6 osi\u0105ga imponuj\u0105cy zasi\u0119g 60 metr\u00f3w.","robots":{"index":"index","follow":"follow","max-snippet":"max-snippet:-1","max-image-preview":"max-image-preview:large","max-video-preview":"max-video-preview:-1"},"canonical":"https:\/\/spieringstest.manymore.site\/pl\/mobile-tower-crane\/sk1265-at6-elift\/","og_locale":"pl_PL","og_type":"article","og_title":"SK1265-AT6 eLift - Spierings Mobile Cranes","og_description":"Dzi\u0119ki pi\u0105temu wysuwanemu segmentowi wysi\u0119gnika, obok czterech pozosta\u0142ych sekcji, SK1265-AT6 osi\u0105ga imponuj\u0105cy zasi\u0119g 60 metr\u00f3w.","og_url":"https:\/\/spieringstest.manymore.site\/pl\/mobile-tower-crane\/sk1265-at6-elift\/","og_site_name":"Spierings Mobile Cranes","article_modified_time":"2025-11-25T12:54:37+00:00","og_image":[{"width":2000,"height":1098,"url":"https:\/\/spieringstest.manymore.site\/wp-content\/uploads\/SK1265-AT6-1.jpg","type":"image\/jpeg"}],"twitter_card":"summary_large_image","twitter_misc":{"Szacowany czas czytania":"7 minut"},"schema":{"@context":"https:\/\/schema.org","@graph":[{"@type":"WebPage","@id":"https:\/\/spieringstest.manymore.site\/pl\/mobile-tower-crane\/sk1265-at6-elift\/","url":"https:\/\/spieringstest.manymore.site\/pl\/mobile-tower-crane\/sk1265-at6-elift\/","name":"SK1265-AT6 eLift - Spierings Mobile Cranes","isPartOf":{"@id":"https:\/\/spieringstest.manymore.site\/pl\/#website"},"primaryImageOfPage":{"@id":"https:\/\/spieringstest.manymore.site\/pl\/mobile-tower-crane\/sk1265-at6-elift\/#primaryimage"},"image":{"@id":"https:\/\/spieringstest.manymore.site\/pl\/mobile-tower-crane\/sk1265-at6-elift\/#primaryimage"},"thumbnailUrl":"https:\/\/spieringstest.manymore.site\/wp-content\/uploads\/SK1265-AT6-1.jpg","datePublished":"2025-03-13T14:41:50+00:00","dateModified":"2025-11-25T12:54:37+00:00","description":"Dzi\u0119ki pi\u0105temu wysuwanemu segmentowi wysi\u0119gnika, obok czterech pozosta\u0142ych sekcji, SK1265-AT6 osi\u0105ga imponuj\u0105cy zasi\u0119g 60 metr\u00f3w.","breadcrumb":{"@id":"https:\/\/spieringstest.manymore.site\/pl\/mobile-tower-crane\/sk1265-at6-elift\/#breadcrumb"},"inLanguage":"pl-PL","potentialAction":[{"@type":"ReadAction","target":["https:\/\/spieringstest.manymore.site\/pl\/mobile-tower-crane\/sk1265-at6-elift\/"]}]},{"@type":"ImageObject","inLanguage":"pl-PL","@id":"https:\/\/spieringstest.manymore.site\/pl\/mobile-tower-crane\/sk1265-at6-elift\/#primaryimage","url":"https:\/\/spieringstest.manymore.site\/wp-content\/uploads\/SK1265-AT6-1.jpg","contentUrl":"https:\/\/spieringstest.manymore.site\/wp-content\/uploads\/SK1265-AT6-1.jpg","width":2000,"height":1098},{"@type":"BreadcrumbList","@id":"https:\/\/spieringstest.manymore.site\/pl\/mobile-tower-crane\/sk1265-at6-elift\/#breadcrumb","itemListElement":[{"@type":"ListItem","position":1,"name":"Home","item":"https:\/\/spieringstest.manymore.site\/pl\/"},{"@type":"ListItem","position":2,"name":"SK1265-AT6 eLift"}]},{"@type":"WebSite","@id":"https:\/\/spieringstest.manymore.site\/pl\/#website","url":"https:\/\/spieringstest.manymore.site\/pl\/","name":"Spierings Mobile Cranes","description":"Lift to the Max.","inLanguage":"pl-PL"}]}},"_links":{"self":[{"href":"https:\/\/spieringstest.manymore.site\/pl\/wp-json\/wp\/v2\/product\/9403","targetHints":{"allow":["GET"]}}],"collection":[{"href":"https:\/\/spieringstest.manymore.site\/pl\/wp-json\/wp\/v2\/product"}],"about":[{"href":"https:\/\/spieringstest.manymore.site\/pl\/wp-json\/wp\/v2\/types\/product"}],"wp:featuredmedia":[{"embeddable":true,"href":"https:\/\/spieringstest.manymore.site\/pl\/wp-json\/wp\/v2\/media\/5800"}],"wp:attachment":[{"href":"https:\/\/spieringstest.manymore.site\/pl\/wp-json\/wp\/v2\/media?parent=9403"}],"curies":[{"name":"wp","href":"https:\/\/api.w.org\/{rel}","templated":true}]}}